{"id":152,"date":"2015-09-06T08:47:18","date_gmt":"2015-09-06T06:47:18","guid":{"rendered":"http:\/\/www.vasehlava.cz\/?page_id=152"},"modified":"2020-07-05T09:35:56","modified_gmt":"2020-07-05T07:35:56","slug":"talent-seeking","status":"publish","type":"page","link":"https:\/\/www.vasehlava.cz\/cs\/talent-seeking\/","title":{"rendered":"Vyhled\u00e1v\u00e1n\u00ed talent\u016f"},"content":{"rendered":"<p>M\u011bl jsem a m\u00e1m ve sv\u00e9m univerzitn\u00edm zam\u011bstn\u00e1n\u00ed \u010dest pracovat s nadan\u00fdmi a pracovit\u00fdmi lidmi. Je to p\u0159edev\u0161\u00edm na \u010cesk\u00e9m vysok\u00e9m u\u010den\u00ed technick\u00e9m v Praze, kde pracuji od roku 1982. Moje v\u00fdzkumn\u00e9 aktivity a spolupr\u00e1ce s pr\u016fmyslem m\u011b p\u0159ivedly k lidem z jin\u00fdch univerzit a firem po cel\u00e9m sv\u011bt\u011b. Lid\u00e9, kter\u00e9 jsem potkal, postupovali v kari\u00e9rn\u00edm \u017eeb\u0159\u00ed\u010dku a\/nebo zlep\u0161ovali sv\u00e9 dovednosti. Sna\u017e\u00edm se tento v\u00fdvoj sledovat.<\/p>\n<p>Pokud hled\u00e1te talentovan\u00e9ho \u010dlov\u011bka, \u0159ekn\u011bte mi o tom. Mo\u017en\u00e1 pro v\u00e1s najdu spr\u00e1vnou osobu. Domluvil jsem ji\u017e zam\u011bstn\u00e1n\u00ed mnoha lidem.<\/p>\n<hr \/>\n<p><em>Zodpov\u00edd\u00e1: <a href=\"mailto:vasek.hlavac@gmail.com\">Va\u0161ek Hlav\u00e1\u010d<\/a><\/em><\/p>\n","protected":false},"excerpt":{"rendered":"<p>M\u011bl jsem a m\u00e1m ve sv\u00e9m univerzitn\u00edm zam\u011bstn\u00e1n\u00ed \u010dest pracovat s nadan\u00fdmi a pracovit\u00fdmi lidmi. Je to p\u0159edev\u0161\u00edm na \u010cesk\u00e9m vysok\u00e9m u\u010den\u00ed technick\u00e9m v Praze, kde pracuji od roku 1982. Moje v\u00fdzkumn\u00e9 aktivity a spolupr\u00e1ce s pr\u016fmyslem m\u011b p\u0159ivedly k lidem z jin\u00fdch univerzit a firem po cel\u00e9m sv\u011bt\u011b. Lid\u00e9, kter\u00e9 jsem potkal, postupovali v [&hellip;]<\/p>\n","protected":false},"author":1,"featured_media":0,"parent":0,"menu_order":3,"comment_status":"closed","ping_status":"closed","template":"","meta":{"_mc_calendar":[]},"translation":{"provider":"WPGlobus","version":"2.10.10","language":"cs","enabled_languages":["en","cs"],"languages":{"en":{"title":true,"content":true,"excerpt":false},"cs":{"title":true,"content":true,"excerpt":false}}},"_links":{"self":[{"href":"https:\/\/www.vasehlava.cz\/cs\/wp-json\/wp\/v2\/pages\/152"}],"collection":[{"href":"https:\/\/www.vasehlava.cz\/cs\/wp-json\/wp\/v2\/pages"}],"about":[{"href":"https:\/\/www.vasehlava.cz\/cs\/wp-json\/wp\/v2\/types\/page"}],"author":[{"embeddable":true,"href":"https:\/\/www.vasehlava.cz\/cs\/wp-json\/wp\/v2\/users\/1"}],"replies":[{"embeddable":true,"href":"https:\/\/www.vasehlava.cz\/cs\/wp-json\/wp\/v2\/comments?post=152"}],"version-history":[{"count":7,"href":"https:\/\/www.vasehlava.cz\/cs\/wp-json\/wp\/v2\/pages\/152\/revisions"}],"predecessor-version":[{"id":1366,"href":"https:\/\/www.vasehlava.cz\/cs\/wp-json\/wp\/v2\/pages\/152\/revisions\/1366"}],"wp:attachment":[{"href":"https:\/\/www.vasehlava.cz\/cs\/wp-json\/wp\/v2\/media?parent=152"}],"curies":[{"name":"wp","href":"https:\/\/api.w.org\/{rel}","templated":true}]}}