{"id":157,"date":"2015-09-06T08:49:13","date_gmt":"2015-09-06T06:49:13","guid":{"rendered":"http:\/\/www.vasehlava.cz\/?page_id=157"},"modified":"2022-04-12T13:49:26","modified_gmt":"2022-04-12T11:49:26","slug":"personal-tourist-guide","status":"publish","type":"page","link":"https:\/\/www.vasehlava.cz\/cs\/personal-tourist-guide\/","title":{"rendered":"Osobn\u00ed pr\u016fvodce"},"content":{"rendered":"<p>Bav\u00ed m\u011b b\u00fdt pr\u016fvodcem zaj\u00edmav\u00fdch lid\u00ed. Nav\u0161t\u00edvil jsem d\u00edky sv\u00e9mu univerzitn\u00edmu zam\u011bstn\u00e1n\u00ed i osobn\u00edmu z\u00e1jmu celou \u0159adu kr\u00e1sn\u00fdch m\u00edst v \u010cesku i ve sv\u011bt\u011b. Potkal jsem p\u0159i tom zaj\u00edmav\u00e9 lidi. Prov\u00e1zel jsem mnoh\u00e9 hosty, kte\u0159\u00ed p\u0159ijeli do Prahy nebo do \u010ceska. U\u017e b\u011bhem m\u00e9ho univerzitn\u00edho studia m\u011b tehdy nejlep\u0161\u00ed cestovn\u00ed kancel\u00e1\u0159 \u010cedok vy\u0161kolila jako pr\u016fvodce. Jako student jsem si tak p\u0159ivyd\u011bl\u00e1val.<\/p>\n<p>Nab\u00edz\u00edm, \u017ee budu va\u0161\u00edm osobn\u00edm pr\u016fvodcem Prahou nebo \u010ceskou republikou. Zn\u00e1m oboj\u00ed velmi dob\u0159e. Zaj\u00edm\u00e1m se l\u00e9ta o historii, politiku, spole\u010densk\u00e9 pom\u011bry, techniku a p\u0159\u00edrodn\u00ed kr\u00e1sy. I proto rozum\u00edm \u0161ir\u0161\u00edmu kontextu, kter\u00fd se t\u011b\u017eko nach\u00e1z\u00ed v ti\u0161t\u011bn\u00fdch turistick\u00fdch pr\u016fvodc\u00edch. Kdy\u017e se projdete na odpoledne se mnou nebo spolu pojedeme na n\u011bkolikadenn\u00ed cestu, mnoh\u00e9 v\u00e1m uk\u00e1\u017ei a \u0159eknu. Mohu v\u00e1s vz\u00edt sv\u00fdm autem, m\u016f\u017eeme jet spole\u010dn\u011b na kole, v zim\u011b na b\u011b\u017ek\u00e1ch, na sjezdovk\u00e1ch (v ml\u00e1d\u00ed jsem na ly\u017e\u00edch z\u00e1vodil) nebo p\u011b\u0161ky na v\u00fdlet. Mohu v\u00e1m i jen poradit nebo v\u00e1m nestandardn\u00ed \u010d\u00e1st va\u0161eho cestov\u00e1n\u00ed zorganizovat.<\/p>\n<p>Nab\u00edz\u00edm pomoc zaj\u00edmav\u00e9mu \u010dlov\u011bku (nebo mal\u00e9 skupin\u011b), aby se dozv\u011bd\u011bl v\u00edce o m\u00e9 zemi, a to na z\u00e1klad\u011b individu\u00e1ln\u00ed domluvy. Cenu dohodneme.<\/p>\n<p>Komunikuji anglicky, rusky, n\u011bmecky a \u010desky. Ozv\u011bte se, pros\u00edm.<\/p>\n<hr \/>\n<p><em>Zodpov\u00edd\u00e1: <a href=\"mailto:vasek.hlavac@gmail.com\">Va\u0161ek Hlav\u00e1\u010d<\/a><\/em><\/p>\n","protected":false},"excerpt":{"rendered":"<p>Bav\u00ed m\u011b b\u00fdt pr\u016fvodcem zaj\u00edmav\u00fdch lid\u00ed. Nav\u0161t\u00edvil jsem d\u00edky sv\u00e9mu univerzitn\u00edmu zam\u011bstn\u00e1n\u00ed i osobn\u00edmu z\u00e1jmu celou \u0159adu kr\u00e1sn\u00fdch m\u00edst v \u010cesku i ve sv\u011bt\u011b. Potkal jsem p\u0159i tom zaj\u00edmav\u00e9 lidi. Prov\u00e1zel jsem mnoh\u00e9 hosty, kte\u0159\u00ed p\u0159ijeli do Prahy nebo do \u010ceska. U\u017e b\u011bhem m\u00e9ho univerzitn\u00edho studia m\u011b tehdy nejlep\u0161\u00ed cestovn\u00ed kancel\u00e1\u0159 \u010cedok vy\u0161kolila jako pr\u016fvodce. [&hellip;]<\/p>\n","protected":false},"author":1,"featured_media":0,"parent":0,"menu_order":4,"comment_status":"closed","ping_status":"closed","template":"","meta":{"_mc_calendar":[]},"translation":{"provider":"WPGlobus","version":"2.10.10","language":"cs","enabled_languages":["en","cs"],"languages":{"en":{"title":true,"content":true,"excerpt":false},"cs":{"title":true,"content":true,"excerpt":false}}},"_links":{"self":[{"href":"https:\/\/www.vasehlava.cz\/cs\/wp-json\/wp\/v2\/pages\/157"}],"collection":[{"href":"https:\/\/www.vasehlava.cz\/cs\/wp-json\/wp\/v2\/pages"}],"about":[{"href":"https:\/\/www.vasehlava.cz\/cs\/wp-json\/wp\/v2\/types\/page"}],"author":[{"embeddable":true,"href":"https:\/\/www.vasehlava.cz\/cs\/wp-json\/wp\/v2\/users\/1"}],"replies":[{"embeddable":true,"href":"https:\/\/www.vasehlava.cz\/cs\/wp-json\/wp\/v2\/comments?post=157"}],"version-history":[{"count":21,"href":"https:\/\/www.vasehlava.cz\/cs\/wp-json\/wp\/v2\/pages\/157\/revisions"}],"predecessor-version":[{"id":1591,"href":"https:\/\/www.vasehlava.cz\/cs\/wp-json\/wp\/v2\/pages\/157\/revisions\/1591"}],"wp:attachment":[{"href":"https:\/\/www.vasehlava.cz\/cs\/wp-json\/wp\/v2\/media?parent=157"}],"curies":[{"name":"wp","href":"https:\/\/api.w.org\/{rel}","templated":true}]}}