{"id":165,"date":"2015-09-06T08:54:42","date_gmt":"2015-09-06T06:54:42","guid":{"rendered":"http:\/\/www.vasehlava.cz\/?page_id=165"},"modified":"2023-01-30T09:59:11","modified_gmt":"2023-01-30T08:59:11","slug":"personal","status":"publish","type":"page","link":"https:\/\/www.vasehlava.cz\/cs\/home\/personal\/","title":{"rendered":"Personal"},"content":{"rendered":"\n\n<!-- \/wp:paragraph -->\n\n<!-- wp:heading {\"level\":1} -->\n<h1>Ud\u00e1losti<\/h1>\n<!-- \/wp:heading -->\n\n<!-- wp:paragraph -->\n\nV tuto chv\u00edli pr\u00e1zdn\u00e9. Obvykle slou\u017e\u00ed pro p\u0159\u00edpravu\/informov\u00e1n\u00ed o chystan\u00e9 rodinn\u00e9 ud\u00e1losti.\n\n<!-- \/wp:paragraph -->\n\n<!-- wp:heading {\"level\":1} -->\n<h1>Byt v Abertamech<\/h1>\n<!-- \/wp:heading -->\n\n<!-- wp:paragraph -->\n\nse t\u00fdk\u00e1 se pouze na\u0161\u00ed rodiny a bl\u00edzk\u00fdch zn\u00e1m\u00fdch, s nimi\u017e jsem o byt\u011b v Abertamech mluvil. Zde se dozv\u00edte o bytu v Abertamech v\u00edce. Uvid\u00edte rezerva\u010dn\u00ed kalend\u00e1\u0159. M\u011bli byste zn\u00e1t heslo. Kdy\u017e jste heslo zapomn\u011bli, zeptejte se m\u011b, pros\u00edm. Zadejte heslo do ok\u00e9nka. <form ID=\"smartPWLogin\" method=\"post\" action=\"https:\/\/www.vasehlava.cz\/cs\/home\/personal\/\" >\n\t<input class=\"requiredField\" type=\"password\" name=\"smartPassword\" id=\"smartPassword\" value=\"\"\/>\n\t<input type=\"hidden\" name=\"smartParent\" value=\"165\" \/>\n\t<input type=\"hidden\" name=\"smartPWPage_nonce\" value=\"ad7695dcb5\" \/>\n\t<input type=\"submit\" value=\"Enter\" \/>\n<\/form>\n\n\n<!-- \/wp:paragraph -->\n\n<!-- wp:separator -->\n\n<hr class=\"wp-block-separator\" \/>\n\n<!-- \/wp:separator -->\n\n<!-- wp:paragraph -->\n\n<em>Zodpov\u00edd\u00e1: <a href=\"mailto:vasek.hlavac@gmail.com\">Va\u0161ek Hlav\u00e1\u010d<\/a><\/em>\n\n","protected":false},"excerpt":{"rendered":"<p>Ud\u00e1losti V tuto chv\u00edli pr\u00e1zdn\u00e9. Obvykle slou\u017e\u00ed pro p\u0159\u00edpravu\/informov\u00e1n\u00ed o chystan\u00e9 rodinn\u00e9 ud\u00e1losti. Byt v Abertamech se t\u00fdk\u00e1 se pouze na\u0161\u00ed rodiny a bl\u00edzk\u00fdch zn\u00e1m\u00fdch, s nimi\u017e jsem o byt\u011b v Abertamech mluvil. Zde se dozv\u00edte o bytu v Abertamech v\u00edce. Uvid\u00edte rezerva\u010dn\u00ed kalend\u00e1\u0159. M\u011bli byste zn\u00e1t heslo. Kdy\u017e jste heslo zapomn\u011bli, zeptejte se m\u011b, [&hellip;]<\/p>\n","protected":false},"author":1,"featured_media":0,"parent":188,"menu_order":5,"comment_status":"closed","ping_status":"closed","template":"","meta":{"_mc_calendar":[]},"translation":{"provider":"WPGlobus","version":"2.10.10","language":"cs","enabled_languages":["en","cs"],"languages":{"en":{"title":true,"content":true,"excerpt":false},"cs":{"title":false,"content":true,"excerpt":false}}},"_links":{"self":[{"href":"https:\/\/www.vasehlava.cz\/cs\/wp-json\/wp\/v2\/pages\/165"}],"collection":[{"href":"https:\/\/www.vasehlava.cz\/cs\/wp-json\/wp\/v2\/pages"}],"about":[{"href":"https:\/\/www.vasehlava.cz\/cs\/wp-json\/wp\/v2\/types\/page"}],"author":[{"embeddable":true,"href":"https:\/\/www.vasehlava.cz\/cs\/wp-json\/wp\/v2\/users\/1"}],"replies":[{"embeddable":true,"href":"https:\/\/www.vasehlava.cz\/cs\/wp-json\/wp\/v2\/comments?post=165"}],"version-history":[{"count":70,"href":"https:\/\/www.vasehlava.cz\/cs\/wp-json\/wp\/v2\/pages\/165\/revisions"}],"predecessor-version":[{"id":1702,"href":"https:\/\/www.vasehlava.cz\/cs\/wp-json\/wp\/v2\/pages\/165\/revisions\/1702"}],"up":[{"embeddable":true,"href":"https:\/\/www.vasehlava.cz\/cs\/wp-json\/wp\/v2\/pages\/188"}],"wp:attachment":[{"href":"https:\/\/www.vasehlava.cz\/cs\/wp-json\/wp\/v2\/media?parent=165"}],"curies":[{"name":"wp","href":"https:\/\/api.w.org\/{rel}","templated":true}]}}