{"id":169,"date":"2015-09-06T12:09:44","date_gmt":"2015-09-06T10:09:44","guid":{"rendered":"http:\/\/www.vasehlava.cz\/?page_id=169"},"modified":"2018-12-24T16:45:23","modified_gmt":"2018-12-24T15:45:23","slug":"contact-2","status":"publish","type":"page","link":"https:\/\/www.vasehlava.cz\/cs\/contact-2\/","title":{"rendered":"Kontakt"},"content":{"rendered":"<p><a href=\"http:\/\/people.ciirc.cvut.cz\/hlavac\/\">V\u00e1clav (Va\u0161ek) Hlav\u00e1\u010d<\/a>, Praha, \u010cesk\u00e1 republika<\/p>\n<p><a href=\"mailto:vasek.hlavac@gmail.com?Subject=Vase Hlava%20z%20webu\">vasek.hlavac@gmail.com<\/a>, mobiln\u00ed telefon 603 149 689<\/p>\n<hr \/>\n<p><em>Zodpov\u00edd\u00e1: <a href=\"mailto:vasek.hlavac@gmail.com\">Va\u0161ek Hlav\u00e1\u010d<\/a><\/em><\/p>\n","protected":false},"excerpt":{"rendered":"<p>V\u00e1clav (Va\u0161ek) Hlav\u00e1\u010d, Praha, \u010cesk\u00e1 republika vasek.hlavac@gmail.com, mobiln\u00ed telefon 603 149 689 Zodpov\u00edd\u00e1: Va\u0161ek Hlav\u00e1\u010d<\/p>\n","protected":false},"author":1,"featured_media":0,"parent":0,"menu_order":7,"comment_status":"closed","ping_status":"closed","template":"","meta":{"_mc_calendar":[]},"translation":{"provider":"WPGlobus","version":"2.10.10","language":"cs","enabled_languages":["en","cs"],"languages":{"en":{"title":true,"content":true,"excerpt":false},"cs":{"title":true,"content":true,"excerpt":false}}},"_links":{"self":[{"href":"https:\/\/www.vasehlava.cz\/cs\/wp-json\/wp\/v2\/pages\/169"}],"collection":[{"href":"https:\/\/www.vasehlava.cz\/cs\/wp-json\/wp\/v2\/pages"}],"about":[{"href":"https:\/\/www.vasehlava.cz\/cs\/wp-json\/wp\/v2\/types\/page"}],"author":[{"embeddable":true,"href":"https:\/\/www.vasehlava.cz\/cs\/wp-json\/wp\/v2\/users\/1"}],"replies":[{"embeddable":true,"href":"https:\/\/www.vasehlava.cz\/cs\/wp-json\/wp\/v2\/comments?post=169"}],"version-history":[{"count":17,"href":"https:\/\/www.vasehlava.cz\/cs\/wp-json\/wp\/v2\/pages\/169\/revisions"}],"predecessor-version":[{"id":633,"href":"https:\/\/www.vasehlava.cz\/cs\/wp-json\/wp\/v2\/pages\/169\/revisions\/633"}],"wp:attachment":[{"href":"https:\/\/www.vasehlava.cz\/cs\/wp-json\/wp\/v2\/media?parent=169"}],"curies":[{"name":"wp","href":"https:\/\/api.w.org\/{rel}","templated":true}]}}