{"id":188,"date":"2015-09-06T13:26:05","date_gmt":"2015-09-06T11:26:05","guid":{"rendered":"http:\/\/www.vasehlava.cz\/?page_id=188"},"modified":"2023-05-01T06:33:58","modified_gmt":"2023-05-01T04:33:58","slug":"home","status":"publish","type":"page","link":"https:\/\/www.vasehlava.cz\/cs\/","title":{"rendered":"Home"},"content":{"rendered":"<\/p>\n\n\n<p>This website aims at informing about my private activities\/services, which I would like to communicate with people I work\/might work for. The page does not concern my employment as a professor of engineering cybernetics at the Czech Technical University in Prague. If the reader is interested in the latter, I recommend starting from my <a href=\"http:\/\/people.ciirc.cvut.cz\/hlavac\">work personal page<\/a>. If you are my friend or acquaintance, please, contact me directly.<\/p>\n<p><strong>I offer the following paid private services and services<\/strong>:<\/p>\n<ul>\n<li><a href=\"http:\/\/www.vasehlava.cz\/match-making\/\">Matchmaking<\/a>: I have met very many activities, company application projects, university research teams, and individuals in my home country (Czech Republic), and around the world. I am keen to think of tasks the interested parties are concerned with. I will do my best to bring new ideas to my customers and recommend them the appropriate persons, skills, technologies, and companies.<\/li>\n<li><a href=\"http:\/\/www.vasehlava.cz\/talent-seeking\/\\\">Talent seeking<\/a>: I have had the opportunity and privilege to work with many smart and diligent people in my university job. If you need a talented person, please tell me about it. I might find the right person for you.<\/li>\n<li><a href=\"http:\/\/www.vasehlava.cz\/personal-tourist-guide\">Being a personal (VIP tour) guide<\/a>: To a visitor to the Czech Republic and\/or Prague: I have known both the Czech Republic and Prague well. I am also familiar with a broader context, e.g., a historical, economic, cultural, or technological one. I like to help interesting person (people) to learn about my country\/city based on individual arrangements. I can do it in English, Russian, German, and Czech. My primary motivation here is to communicate with interesting people and learn from one another.<\/li>\n<\/ul>\n<p><a href=\"http:\/\/www.vasehlava.cz\/wp-content\/uploads\/2018\/12\/2018-10PortretVHodSejkot568Crop3x4.jpg\"><img decoding=\"async\" loading=\"lazy\" class=\"wp-image-1048 alignleft\" src=\"http:\/\/www.vasehlava.cz\/wp-content\/uploads\/2018\/12\/2018-10PortretVHodSejkot568Crop3x4-225x300.jpg\" alt=\"\" width=\"114\" height=\"152\" srcset=\"https:\/\/www.vasehlava.cz\/wp-content\/uploads\/2018\/12\/2018-10PortretVHodSejkot568Crop3x4-225x300.jpg 225w, https:\/\/www.vasehlava.cz\/wp-content\/uploads\/2018\/12\/2018-10PortretVHodSejkot568Crop3x4-768x1024.jpg 768w, https:\/\/www.vasehlava.cz\/wp-content\/uploads\/2018\/12\/2018-10PortretVHodSejkot568Crop3x4-624x832.jpg 624w, https:\/\/www.vasehlava.cz\/wp-content\/uploads\/2018\/12\/2018-10PortretVHodSejkot568Crop3x4.jpg 1310w\" sizes=\"(max-width: 114px) 100vw, 114px\" \/><\/a>I am V\u00e1clav Hlav\u00e1\u010d, born 1956. I mention the birth year because my oldest son has the same given name. I like being addressed by the nickname Va\u0161ek (Vashek in the English phonetic transcription).<\/p>\n<p>The website name VaseHlava comes from the Czech expression &#8220;Va\u0161e Hlava&#8221; meaning also &#8220;your mind.&#8221; Va\u0161e Hlava is pronounced Vashe Hlava (in English phonetic transcription). One of the obligations and skills I have performed at work for many years has been talent seeking and breading. So, my name Va\u0161ek Hlav\u00e1\u010d is somehow linked to Va\u0161e Hlava. This idea inspired me when I named my personal website.<\/p>\n<p>I want to contribute to the extension of &#8220;your mind.&#8221; Please write to me or call me if you are interested.<\/p>\n<p><strong>Personal and family events<\/strong>:<\/p>\n<ul>\n<li><a href=\"https:\/\/www.vasehlava.cz\/events\/\">Events<\/a><\/li>\n<\/ul>\n<p>I have used the menu item Events to prepare a specific family event. When the event finishes, the item serves as its documentation. The event web page is usually password-protected for privacy reasons.<\/p>\n<hr \/>\n<p><em>Responsible: <a href=\"mailto:vasek.hlavac@gmail.com\">Va\u0161ek Hlav\u00e1\u010d<\/a><\/em><\/p>\n\n\n\n<p><a href=\"http:\/\/www.vasehlava.cz\/wp-admin\/post.php?post=188&amp;action=edit\">Edit Page<\/a><\/p>\n\n\n<p>","protected":false},"excerpt":{"rendered":"<p>This website aims at informing about my private activities\/services, which I would like to communicate with people I work\/might work for. The page does not concern my employment as a professor of engineering cybernetics at the Czech Technical University in Prague. If the reader is interested in the latter, I recommend starting from my work [&hellip;]<\/p>\n","protected":false},"author":1,"featured_media":0,"parent":0,"menu_order":1,"comment_status":"closed","ping_status":"closed","template":"","meta":{"_mc_calendar":[]},"translation":{"provider":"WPGlobus","version":"2.10.10","language":"cs","enabled_languages":["en","cs"],"languages":{"en":{"title":true,"content":true,"excerpt":false},"cs":{"title":false,"content":false,"excerpt":false}}},"_links":{"self":[{"href":"https:\/\/www.vasehlava.cz\/cs\/wp-json\/wp\/v2\/pages\/188"}],"collection":[{"href":"https:\/\/www.vasehlava.cz\/cs\/wp-json\/wp\/v2\/pages"}],"about":[{"href":"https:\/\/www.vasehlava.cz\/cs\/wp-json\/wp\/v2\/types\/page"}],"author":[{"embeddable":true,"href":"https:\/\/www.vasehlava.cz\/cs\/wp-json\/wp\/v2\/users\/1"}],"replies":[{"embeddable":true,"href":"https:\/\/www.vasehlava.cz\/cs\/wp-json\/wp\/v2\/comments?post=188"}],"version-history":[{"count":127,"href":"https:\/\/www.vasehlava.cz\/cs\/wp-json\/wp\/v2\/pages\/188\/revisions"}],"predecessor-version":[{"id":1701,"href":"https:\/\/www.vasehlava.cz\/cs\/wp-json\/wp\/v2\/pages\/188\/revisions\/1701"}],"wp:attachment":[{"href":"https:\/\/www.vasehlava.cz\/cs\/wp-json\/wp\/v2\/media?parent=188"}],"curies":[{"name":"wp","href":"https:\/\/api.w.org\/{rel}","templated":true}]}}