{"id":959,"date":"2018-12-24T16:47:12","date_gmt":"2018-12-24T15:47:12","guid":{"rendered":"http:\/\/www.vasehlava.cz\/?page_id=959"},"modified":"2018-12-25T08:57:12","modified_gmt":"2018-12-25T07:57:12","slug":"events","status":"publish","type":"page","link":"https:\/\/www.vasehlava.cz\/cs\/events\/","title":{"rendered":"Ud\u00e1losti"},"content":{"rendered":"<ul>\n<li>2019-06-07 a\u017e 09 <a href=\"https:\/\/www.vasehlava.cz\/cs\/events\/family-gathering-in-the-hunters-cottage-zamecek\/\">Setk\u00e1n\u00ed rodiny na loveck\u00e9 chat\u011b Z\u00e1me\u010dek<\/a> v Krkono\u0161\u00edch.<\/li>\n<\/ul>\n\n\n<p><\/p>\n","protected":false},"excerpt":{"rendered":"<p>2019-06-07 a\u017e 09 Setk\u00e1n\u00ed rodiny na loveck\u00e9 chat\u011b Z\u00e1me\u010dek v Krkono\u0161\u00edch.<\/p>\n","protected":false},"author":1,"featured_media":0,"parent":0,"menu_order":6,"comment_status":"closed","ping_status":"closed","template":"","meta":{"_mc_calendar":[]},"translation":{"provider":"WPGlobus","version":"2.10.10","language":"cs","enabled_languages":["en","cs"],"languages":{"en":{"title":true,"content":true,"excerpt":false},"cs":{"title":true,"content":true,"excerpt":false}}},"_links":{"self":[{"href":"https:\/\/www.vasehlava.cz\/cs\/wp-json\/wp\/v2\/pages\/959"}],"collection":[{"href":"https:\/\/www.vasehlava.cz\/cs\/wp-json\/wp\/v2\/pages"}],"about":[{"href":"https:\/\/www.vasehlava.cz\/cs\/wp-json\/wp\/v2\/types\/page"}],"author":[{"embeddable":true,"href":"https:\/\/www.vasehlava.cz\/cs\/wp-json\/wp\/v2\/users\/1"}],"replies":[{"embeddable":true,"href":"https:\/\/www.vasehlava.cz\/cs\/wp-json\/wp\/v2\/comments?post=959"}],"version-history":[{"count":12,"href":"https:\/\/www.vasehlava.cz\/cs\/wp-json\/wp\/v2\/pages\/959\/revisions"}],"predecessor-version":[{"id":1057,"href":"https:\/\/www.vasehlava.cz\/cs\/wp-json\/wp\/v2\/pages\/959\/revisions\/1057"}],"wp:attachment":[{"href":"https:\/\/www.vasehlava.cz\/cs\/wp-json\/wp\/v2\/media?parent=959"}],"curies":[{"name":"wp","href":"https:\/\/api.w.org\/{rel}","templated":true}]}}