{"id":977,"date":"2018-12-24T17:19:49","date_gmt":"2018-12-24T16:19:49","guid":{"rendered":"http:\/\/www.vasehlava.cz\/?page_id=977"},"modified":"2019-06-02T11:18:17","modified_gmt":"2019-06-02T09:18:17","slug":"family-gathering-in-the-hunters-cottage-zamecek","status":"publish","type":"page","link":"https:\/\/www.vasehlava.cz\/cs\/events\/family-gathering-in-the-hunters-cottage-zamecek\/","title":{"rendered":"Rodinn\u00e9 setk\u00e1n\u00ed v loveck\u00e9m Z\u00e1me\u010dku 7. &#8211; 9. \u010dervna 2019"},"content":{"rendered":"","protected":true},"excerpt":{"rendered":"","protected":true},"author":1,"featured_media":0,"parent":959,"menu_order":1,"comment_status":"closed","ping_status":"closed","template":"","meta":{"_mc_calendar":[]},"translation":{"provider":"WPGlobus","version":"2.10.10","language":"cs","enabled_languages":["en","cs"],"languages":{"en":{"title":true,"content":true,"excerpt":false},"cs":{"title":true,"content":true,"excerpt":false}}},"_links":{"self":[{"href":"https:\/\/www.vasehlava.cz\/cs\/wp-json\/wp\/v2\/pages\/977"}],"collection":[{"href":"https:\/\/www.vasehlava.cz\/cs\/wp-json\/wp\/v2\/pages"}],"about":[{"href":"https:\/\/www.vasehlava.cz\/cs\/wp-json\/wp\/v2\/types\/page"}],"author":[{"embeddable":true,"href":"https:\/\/www.vasehlava.cz\/cs\/wp-json\/wp\/v2\/users\/1"}],"replies":[{"embeddable":true,"href":"https:\/\/www.vasehlava.cz\/cs\/wp-json\/wp\/v2\/comments?post=977"}],"version-history":[{"count":42,"href":"https:\/\/www.vasehlava.cz\/cs\/wp-json\/wp\/v2\/pages\/977\/revisions"}],"predecessor-version":[{"id":1220,"href":"https:\/\/www.vasehlava.cz\/cs\/wp-json\/wp\/v2\/pages\/977\/revisions\/1220"}],"up":[{"embeddable":true,"href":"https:\/\/www.vasehlava.cz\/cs\/wp-json\/wp\/v2\/pages\/959"}],"wp:attachment":[{"href":"https:\/\/www.vasehlava.cz\/cs\/wp-json\/wp\/v2\/media?parent=977"}],"curies":[{"name":"wp","href":"https:\/\/api.w.org\/{rel}","templated":true}]}}